{"id":873,"date":"2022-03-29T06:32:51","date_gmt":"2022-03-29T06:32:51","guid":{"rendered":"http:\/\/holgykiseret.sybell.net\/partners\/"},"modified":"2022-03-29T06:32:51","modified_gmt":"2022-03-29T06:32:51","slug":"partners","status":"publish","type":"page","link":"https:\/\/hosstes.hu\/en\/partners\/","title":{"rendered":"Partners"},"content":{"rendered":"\t\t<div data-elementor-type=\"wp-page\" data-elementor-id=\"873\" class=\"elementor elementor-873 elementor-255\" data-elementor-post-type=\"page\">\n\t\t\t\t\t\t<section class=\"elementor-section elementor-top-section elementor-element elementor-element-33fb99a elementor-section-boxed elementor-section-height-default elementor-section-height-default\" data-id=\"33fb99a\" data-element_type=\"section\" data-e-type=\"section\">\n\t\t\t\t\t\t<div class=\"elementor-container elementor-column-gap-default\">\n\t\t\t\t\t<div class=\"elementor-column elementor-col-100 elementor-top-column elementor-element elementor-element-75b61b6\" data-id=\"75b61b6\" data-element_type=\"column\" data-e-type=\"column\">\n\t\t\t<div class=\"elementor-widget-wrap elementor-element-populated\">\n\t\t\t\t\t\t<div class=\"elementor-element elementor-element-38b257f elementor-hidden-phone elementor-widget elementor-widget-image\" data-id=\"38b257f\" data-element_type=\"widget\" data-e-type=\"widget\" data-widget_type=\"image.default\">\n\t\t\t\t<div class=\"elementor-widget-container\">\n\t\t\t\t\t\t\t\t\t\t\t\t\t\t\t\t<a href=\"https:\/\/tarskozvetito.hu\/\" target=\"_blank\">\n\t\t\t\t\t\t\t<img decoding=\"async\" width=\"468\" height=\"60\" src=\"https:\/\/hosstes.hu\/wp-content\/uploads\/2020\/06\/banner468x60.gif\" class=\"attachment-large size-large wp-image-258\" alt=\"\" \/>\t\t\t\t\t\t\t\t<\/a>\n\t\t\t\t\t\t\t\t\t\t\t\t\t\t\t<\/div>\n\t\t\t\t<\/div>\n\t\t\t\t<div class=\"elementor-element elementor-element-0f8e2a9 elementor-hidden-desktop elementor-hidden-tablet elementor-widget elementor-widget-image\" data-id=\"0f8e2a9\" data-element_type=\"widget\" data-e-type=\"widget\" data-widget_type=\"image.default\">\n\t\t\t\t<div class=\"elementor-widget-container\">\n\t\t\t\t\t\t\t\t\t\t\t\t\t\t\t\t<a href=\"https:\/\/tarskozvetito.hu\/\">\n\t\t\t\t\t\t\t<img decoding=\"async\" width=\"120\" height=\"200\" src=\"https:\/\/hosstes.hu\/wp-content\/uploads\/2020\/06\/banner120x200.gif\" class=\"attachment-large size-large wp-image-259\" alt=\"\" \/>\t\t\t\t\t\t\t\t<\/a>\n\t\t\t\t\t\t\t\t\t\t\t\t\t\t\t<\/div>\n\t\t\t\t<\/div>\n\t\t\t\t\t<\/div>\n\t\t<\/div>\n\t\t\t\t\t<\/div>\n\t\t<\/section>\n\t\t\t\t<\/div>\n\t\t","protected":false},"excerpt":{"rendered":"","protected":false},"author":28,"featured_media":0,"parent":0,"menu_order":0,"comment_status":"closed","ping_status":"closed","template":"elementor_header_footer","meta":{"site-sidebar-layout":"no-sidebar","site-content-layout":"page-builder","ast-site-content-layout":"default","site-content-style":"default","site-sidebar-style":"default","ast-global-header-display":"","ast-banner-title-visibility":"","ast-main-header-display":"","ast-hfb-above-header-display":"","ast-hfb-below-header-display":"","ast-hfb-mobile-header-display":"","site-post-title":"","ast-breadcrumbs-content":"","ast-featured-img":"disabled","footer-sml-layout":"","ast-disable-related-posts":"","theme-transparent-header-meta":"default","adv-header-id-meta":"","stick-header-meta":"","header-above-stick-meta":"","header-main-stick-meta":"","header-below-stick-meta":"","astra-migrate-meta-layouts":"default","ast-page-background-enabled":"default","ast-page-background-meta":{"desktop":{"background-color":"","background-image":"","background-repeat":"repeat","background-position":"center center","background-size":"auto","background-attachment":"scroll","background-type":"","background-media":"","overlay-type":"","overlay-color":"","overlay-opacity":"","overlay-gradient":""},"tablet":{"background-color":"","background-image":"","background-repeat":"repeat","background-position":"center center","background-size":"auto","background-attachment":"scroll","background-type":"","background-media":"","overlay-type":"","overlay-color":"","overlay-opacity":"","overlay-gradient":""},"mobile":{"background-color":"","background-image":"","background-repeat":"repeat","background-position":"center center","background-size":"auto","background-attachment":"scroll","background-type":"","background-media":"","overlay-type":"","overlay-color":"","overlay-opacity":"","overlay-gradient":""}},"ast-content-background-meta":{"desktop":{"background-color":"var(--ast-global-color-5)","background-image":"","background-repeat":"repeat","background-position":"center center","background-size":"auto","background-attachment":"scroll","background-type":"","background-media":"","overlay-type":"","overlay-color":"","overlay-opacity":"","overlay-gradient":""},"tablet":{"background-color":"var(--ast-global-color-5)","background-image":"","background-repeat":"repeat","background-position":"center center","background-size":"auto","background-attachment":"scroll","background-type":"","background-media":"","overlay-type":"","overlay-color":"","overlay-opacity":"","overlay-gradient":""},"mobile":{"background-color":"var(--ast-global-color-5)","background-image":"","background-repeat":"repeat","background-position":"center center","background-size":"auto","background-attachment":"scroll","background-type":"","background-media":"","overlay-type":"","overlay-color":"","overlay-opacity":"","overlay-gradient":""}},"footnotes":""},"class_list":["post-873","page","type-page","status-publish","hentry"],"yoast_head":"<!-- This site is optimized with the Yoast SEO plugin v27.4 - https:\/\/yoast.com\/product\/yoast-seo-wordpress\/ -->\n<title>Partners - Hostess<\/title>\n<meta name=\"robots\" content=\"index, follow, max-snippet:-1, max-image-preview:large, max-video-preview:-1\" \/>\n<link rel=\"canonical\" href=\"https:\/\/hosstes.hu\/en\/partners\/\" \/>\n<meta property=\"og:locale\" content=\"en_US\" \/>\n<meta property=\"og:type\" content=\"article\" \/>\n<meta property=\"og:title\" content=\"Partners - Hostess\" \/>\n<meta property=\"og:url\" content=\"https:\/\/hosstes.hu\/en\/partners\/\" \/>\n<meta property=\"og:site_name\" content=\"Hostess\" \/>\n<meta property=\"article:publisher\" content=\"https:\/\/www.facebook.com\/profile.php?id=100064919820699\" \/>\n<meta property=\"og:image\" content=\"https:\/\/hosstes.hu\/wp-content\/uploads\/2020\/06\/banner468x60.gif\" \/>\n<meta name=\"twitter:card\" content=\"summary_large_image\" \/>\n<meta name=\"twitter:site\" content=\"@tarskozvetitohu\" \/>\n<script type=\"application\/ld+json\" class=\"yoast-schema-graph\">{\"@context\":\"https:\\\/\\\/schema.org\",\"@graph\":[{\"@type\":\"WebPage\",\"@id\":\"https:\\\/\\\/hosstes.hu\\\/en\\\/partners\\\/\",\"url\":\"https:\\\/\\\/hosstes.hu\\\/en\\\/partners\\\/\",\"name\":\"Partners - Hostess\",\"isPartOf\":{\"@id\":\"https:\\\/\\\/hosstes.hu\\\/#website\"},\"primaryImageOfPage\":{\"@id\":\"https:\\\/\\\/hosstes.hu\\\/en\\\/partners\\\/#primaryimage\"},\"image\":{\"@id\":\"https:\\\/\\\/hosstes.hu\\\/en\\\/partners\\\/#primaryimage\"},\"thumbnailUrl\":\"https:\\\/\\\/hosstes.hu\\\/wp-content\\\/uploads\\\/2020\\\/06\\\/banner468x60.gif\",\"datePublished\":\"2022-03-29T06:32:51+00:00\",\"breadcrumb\":{\"@id\":\"https:\\\/\\\/hosstes.hu\\\/en\\\/partners\\\/#breadcrumb\"},\"inLanguage\":\"en-US\",\"potentialAction\":[{\"@type\":\"ReadAction\",\"target\":[\"https:\\\/\\\/hosstes.hu\\\/en\\\/partners\\\/\"]}]},{\"@type\":\"ImageObject\",\"inLanguage\":\"en-US\",\"@id\":\"https:\\\/\\\/hosstes.hu\\\/en\\\/partners\\\/#primaryimage\",\"url\":\"https:\\\/\\\/hosstes.hu\\\/wp-content\\\/uploads\\\/2020\\\/06\\\/banner468x60.gif\",\"contentUrl\":\"https:\\\/\\\/hosstes.hu\\\/wp-content\\\/uploads\\\/2020\\\/06\\\/banner468x60.gif\"},{\"@type\":\"BreadcrumbList\",\"@id\":\"https:\\\/\\\/hosstes.hu\\\/en\\\/partners\\\/#breadcrumb\",\"itemListElement\":[{\"@type\":\"ListItem\",\"position\":1,\"name\":\"Kezd\u0151lap\",\"item\":\"https:\\\/\\\/hosstes.hu\\\/en\\\/\"},{\"@type\":\"ListItem\",\"position\":2,\"name\":\"Partners\"}]},{\"@type\":\"WebSite\",\"@id\":\"https:\\\/\\\/hosstes.hu\\\/#website\",\"url\":\"https:\\\/\\\/hosstes.hu\\\/\",\"name\":\"Hostess\",\"description\":\"H\u00f6lgy\\\/\u00dark\u00eds\u00e9ret k\u00f6zvet\u00edt\u00e9s nyelveket besz\u00e9l\u0151 \u00far\\\/h\u00f6lgy elk\u00eds\u00e9ri \u00d6nt ak\u00e1r eg\u00e9sz Eur\u00f3p\u00e1ban \u00e9s a nagyvil\u00e1gban!\",\"publisher\":{\"@id\":\"https:\\\/\\\/hosstes.hu\\\/#organization\"},\"potentialAction\":[{\"@type\":\"SearchAction\",\"target\":{\"@type\":\"EntryPoint\",\"urlTemplate\":\"https:\\\/\\\/hosstes.hu\\\/?s={search_term_string}\"},\"query-input\":{\"@type\":\"PropertyValueSpecification\",\"valueRequired\":true,\"valueName\":\"search_term_string\"}}],\"inLanguage\":\"en-US\"},{\"@type\":\"Organization\",\"@id\":\"https:\\\/\\\/hosstes.hu\\\/#organization\",\"name\":\"Hostess\",\"url\":\"https:\\\/\\\/hosstes.hu\\\/\",\"logo\":{\"@type\":\"ImageObject\",\"inLanguage\":\"en-US\",\"@id\":\"https:\\\/\\\/hosstes.hu\\\/#\\\/schema\\\/logo\\\/image\\\/\",\"url\":\"https:\\\/\\\/hosstes.hu\\\/wp-content\\\/uploads\\\/2020\\\/08\\\/cropped-images-1-e1668016422983.png\",\"contentUrl\":\"https:\\\/\\\/hosstes.hu\\\/wp-content\\\/uploads\\\/2020\\\/08\\\/cropped-images-1-e1668016422983.png\",\"width\":64,\"height\":64,\"caption\":\"Hostess\"},\"image\":{\"@id\":\"https:\\\/\\\/hosstes.hu\\\/#\\\/schema\\\/logo\\\/image\\\/\"},\"sameAs\":[\"https:\\\/\\\/www.facebook.com\\\/profile.php?id=100064919820699\",\"https:\\\/\\\/x.com\\\/tarskozvetitohu\",\"https:\\\/\\\/www.pinterest.ca\\\/HolgykiseretUrkiseretHostess\\\/\",\"https:\\\/\\\/www.linkedin.com\\\/in\\\/hostess-hlgykisret-92b692191\\\/\",\"https:\\\/\\\/www.tiktok.com\\\/@holgykiseret\"]}]}<\/script>\n<!-- \/ Yoast SEO plugin. -->","yoast_head_json":{"title":"Partners - Hostess","robots":{"index":"index","follow":"follow","max-snippet":"max-snippet:-1","max-image-preview":"max-image-preview:large","max-video-preview":"max-video-preview:-1"},"canonical":"https:\/\/hosstes.hu\/en\/partners\/","og_locale":"en_US","og_type":"article","og_title":"Partners - Hostess","og_url":"https:\/\/hosstes.hu\/en\/partners\/","og_site_name":"Hostess","article_publisher":"https:\/\/www.facebook.com\/profile.php?id=100064919820699","og_image":[{"url":"https:\/\/hosstes.hu\/wp-content\/uploads\/2020\/06\/banner468x60.gif","type":"","width":"","height":""}],"twitter_card":"summary_large_image","twitter_site":"@tarskozvetitohu","schema":{"@context":"https:\/\/schema.org","@graph":[{"@type":"WebPage","@id":"https:\/\/hosstes.hu\/en\/partners\/","url":"https:\/\/hosstes.hu\/en\/partners\/","name":"Partners - Hostess","isPartOf":{"@id":"https:\/\/hosstes.hu\/#website"},"primaryImageOfPage":{"@id":"https:\/\/hosstes.hu\/en\/partners\/#primaryimage"},"image":{"@id":"https:\/\/hosstes.hu\/en\/partners\/#primaryimage"},"thumbnailUrl":"https:\/\/hosstes.hu\/wp-content\/uploads\/2020\/06\/banner468x60.gif","datePublished":"2022-03-29T06:32:51+00:00","breadcrumb":{"@id":"https:\/\/hosstes.hu\/en\/partners\/#breadcrumb"},"inLanguage":"en-US","potentialAction":[{"@type":"ReadAction","target":["https:\/\/hosstes.hu\/en\/partners\/"]}]},{"@type":"ImageObject","inLanguage":"en-US","@id":"https:\/\/hosstes.hu\/en\/partners\/#primaryimage","url":"https:\/\/hosstes.hu\/wp-content\/uploads\/2020\/06\/banner468x60.gif","contentUrl":"https:\/\/hosstes.hu\/wp-content\/uploads\/2020\/06\/banner468x60.gif"},{"@type":"BreadcrumbList","@id":"https:\/\/hosstes.hu\/en\/partners\/#breadcrumb","itemListElement":[{"@type":"ListItem","position":1,"name":"Kezd\u0151lap","item":"https:\/\/hosstes.hu\/en\/"},{"@type":"ListItem","position":2,"name":"Partners"}]},{"@type":"WebSite","@id":"https:\/\/hosstes.hu\/#website","url":"https:\/\/hosstes.hu\/","name":"Hostess","description":"H\u00f6lgy\/\u00dark\u00eds\u00e9ret k\u00f6zvet\u00edt\u00e9s nyelveket besz\u00e9l\u0151 \u00far\/h\u00f6lgy elk\u00eds\u00e9ri \u00d6nt ak\u00e1r eg\u00e9sz Eur\u00f3p\u00e1ban \u00e9s a nagyvil\u00e1gban!","publisher":{"@id":"https:\/\/hosstes.hu\/#organization"},"potentialAction":[{"@type":"SearchAction","target":{"@type":"EntryPoint","urlTemplate":"https:\/\/hosstes.hu\/?s={search_term_string}"},"query-input":{"@type":"PropertyValueSpecification","valueRequired":true,"valueName":"search_term_string"}}],"inLanguage":"en-US"},{"@type":"Organization","@id":"https:\/\/hosstes.hu\/#organization","name":"Hostess","url":"https:\/\/hosstes.hu\/","logo":{"@type":"ImageObject","inLanguage":"en-US","@id":"https:\/\/hosstes.hu\/#\/schema\/logo\/image\/","url":"https:\/\/hosstes.hu\/wp-content\/uploads\/2020\/08\/cropped-images-1-e1668016422983.png","contentUrl":"https:\/\/hosstes.hu\/wp-content\/uploads\/2020\/08\/cropped-images-1-e1668016422983.png","width":64,"height":64,"caption":"Hostess"},"image":{"@id":"https:\/\/hosstes.hu\/#\/schema\/logo\/image\/"},"sameAs":["https:\/\/www.facebook.com\/profile.php?id=100064919820699","https:\/\/x.com\/tarskozvetitohu","https:\/\/www.pinterest.ca\/HolgykiseretUrkiseretHostess\/","https:\/\/www.linkedin.com\/in\/hostess-hlgykisret-92b692191\/","https:\/\/www.tiktok.com\/@holgykiseret"]}]}},"_links":{"self":[{"href":"https:\/\/hosstes.hu\/en\/wp-json\/wp\/v2\/pages\/873","targetHints":{"allow":["GET"]}}],"collection":[{"href":"https:\/\/hosstes.hu\/en\/wp-json\/wp\/v2\/pages"}],"about":[{"href":"https:\/\/hosstes.hu\/en\/wp-json\/wp\/v2\/types\/page"}],"author":[{"embeddable":true,"href":"https:\/\/hosstes.hu\/en\/wp-json\/wp\/v2\/users\/28"}],"replies":[{"embeddable":true,"href":"https:\/\/hosstes.hu\/en\/wp-json\/wp\/v2\/comments?post=873"}],"version-history":[{"count":0,"href":"https:\/\/hosstes.hu\/en\/wp-json\/wp\/v2\/pages\/873\/revisions"}],"wp:attachment":[{"href":"https:\/\/hosstes.hu\/en\/wp-json\/wp\/v2\/media?parent=873"}],"curies":[{"name":"wp","href":"https:\/\/api.w.org\/{rel}","templated":true}]}}