{"id":827,"date":"2022-02-26T09:43:37","date_gmt":"2022-02-26T09:43:37","guid":{"rendered":"http:\/\/holgykiseret.sybell.net\/thank-you-for-registering\/"},"modified":"2022-02-26T09:43:37","modified_gmt":"2022-02-26T09:43:37","slug":"thank-you-for-registering","status":"publish","type":"page","link":"https:\/\/hosstes.hu\/en\/thank-you-for-registering\/","title":{"rendered":"Thank you for registering"},"content":{"rendered":"\n<p class=\"has-text-align-center has-large-font-size\">Thank you for registering<\/p>\n\n<p>Your membership application is awaiting approval by the site administrator. You will not be able to connect with the site and the people on it until your user is authenticated. You will receive an email as soon as it is accepted or rejected.<\/p>\n\n<style>\r\n    header.entry-header.ast-no-thumbnail.ast-no-meta > h1.entry-title{\r\n        display: none;\r\n    }\r\n\r\n    form label {\r\n        float: left;\r\n        width: 165px;\r\n        line-height: 2.6;\r\n    }\r\n    .wp-block-button__link , .menu-toggle, button, .ast-button, .ast-custom-button, .button, input#submit, input[type=\"button\"], input[type=\"submit\"], input[type=\"reset\"] {\r\n        border-style: solid;\r\n        border-top-width: 2px;\r\n        border-right-width: 2px;\r\n        border-left-width: 2px;\r\n        border-bottom-width: 2px;\r\n        border-color: #000000;\r\n        background-color: #ffffff;\r\n        color: #0a0a0a;\r\n        font-family: inherit;\r\n        font-weight: inherit;\r\n        line-height: 1;\r\n        border-radius: 2px;\r\n        padding-top: 10px;\r\n        padding-right: 40px;\r\n        padding-bottom: 10px;\r\n        padding-left: 40px;\r\n    }\r\n\r\n    .modal form label {\r\n        width: 165px;\r\n        float: left;\r\n    }\r\n    .wp-block-button__link {\r\n        background-color: #32373c;\r\n        border: none;\r\n        box-shadow: none;\r\n        color: inherit;\r\n        cursor: pointer;\r\n        display: inline-block;\r\n        font-size: 18px;\r\n        margin: 0;\r\n        padding: 10px 24px;\r\n        text-align: center;\r\n        text-decoration: none;\r\n        overflow-wrap: break-word;\r\n    }\r\n\r\n    .wp-block-button__link:focus, .wp-block-button__link:hover {\r\n        color: #ffffff;\r\n        background-color: #3a3a3a;\r\n        border-color: #3a3a3a;\r\n    }\r\n\r\n    .wp-block-button__link {\r\n        background-color: transparent;\r\n        border: 2px solid;\r\n        border-top-color: currentcolor;\r\n        border-right-color: currentcolor;\r\n        border-bottom-color: currentcolor;\r\n        border-left-color: currentcolor;\r\n    }\r\n\r\n    #buddypress{\r\n        margin-left: auto;\r\n        margin-right: auto;\r\n        max-width: 477px;\r\n    }\r\n\r\n<\/style><br\/><div style=\"width:100%\" class=\"kapcsolat_menu\"><\/div><script>render_contact_form_page(\".kapcsolat_menu\")<\/script>","protected":false},"excerpt":{"rendered":"<p>Thank you for registering Your membership application is awaiting approval by the site administrator. You will not be able to connect with the site and the people on it until your user is authenticated. You will receive an email as soon as it is accepted or rejected.<\/p>\n","protected":false},"author":1,"featured_media":0,"parent":0,"menu_order":0,"comment_status":"closed","ping_status":"closed","template":"","meta":{"site-sidebar-layout":"default","site-content-layout":"default","ast-site-content-layout":"default","site-content-style":"default","site-sidebar-style":"default","ast-global-header-display":"","ast-banner-title-visibility":"","ast-main-header-display":"","ast-hfb-above-header-display":"","ast-hfb-below-header-display":"","ast-hfb-mobile-header-display":"","site-post-title":"disabled","ast-breadcrumbs-content":"","ast-featured-img":"","footer-sml-layout":"","ast-disable-related-posts":"","theme-transparent-header-meta":"default","adv-header-id-meta":"","stick-header-meta":"","header-above-stick-meta":"","header-main-stick-meta":"","header-below-stick-meta":"","astra-migrate-meta-layouts":"default","ast-page-background-enabled":"default","ast-page-background-meta":{"desktop":{"background-color":"","background-image":"","background-repeat":"repeat","background-position":"center center","background-size":"auto","background-attachment":"scroll","background-type":"","background-media":"","overlay-type":"","overlay-color":"","overlay-opacity":"","overlay-gradient":""},"tablet":{"background-color":"","background-image":"","background-repeat":"repeat","background-position":"center center","background-size":"auto","background-attachment":"scroll","background-type":"","background-media":"","overlay-type":"","overlay-color":"","overlay-opacity":"","overlay-gradient":""},"mobile":{"background-color":"","background-image":"","background-repeat":"repeat","background-position":"center center","background-size":"auto","background-attachment":"scroll","background-type":"","background-media":"","overlay-type":"","overlay-color":"","overlay-opacity":"","overlay-gradient":""}},"ast-content-background-meta":{"desktop":{"background-color":"var(--ast-global-color-5)","background-image":"","background-repeat":"repeat","background-position":"center center","background-size":"auto","background-attachment":"scroll","background-type":"","background-media":"","overlay-type":"","overlay-color":"","overlay-opacity":"","overlay-gradient":""},"tablet":{"background-color":"var(--ast-global-color-5)","background-image":"","background-repeat":"repeat","background-position":"center center","background-size":"auto","background-attachment":"scroll","background-type":"","background-media":"","overlay-type":"","overlay-color":"","overlay-opacity":"","overlay-gradient":""},"mobile":{"background-color":"var(--ast-global-color-5)","background-image":"","background-repeat":"repeat","background-position":"center center","background-size":"auto","background-attachment":"scroll","background-type":"","background-media":"","overlay-type":"","overlay-color":"","overlay-opacity":"","overlay-gradient":""}},"footnotes":""},"class_list":["post-827","page","type-page","status-publish","hentry"],"yoast_head":"<!-- This site is optimized with the Yoast SEO plugin v27.5 - https:\/\/yoast.com\/product\/yoast-seo-wordpress\/ -->\n<title>Thank you for registering - Hostess<\/title>\n<meta name=\"robots\" content=\"index, follow, max-snippet:-1, max-image-preview:large, max-video-preview:-1\" \/>\n<link rel=\"canonical\" href=\"https:\/\/hosstes.hu\/en\/thank-you-for-registering\/\" \/>\n<meta property=\"og:locale\" content=\"en_US\" \/>\n<meta property=\"og:type\" content=\"article\" \/>\n<meta property=\"og:title\" content=\"Thank you for registering - Hostess\" \/>\n<meta property=\"og:description\" content=\"Thank you for registering Your membership application is awaiting approval by the site administrator. You will not be able to connect with the site and the people on it until your user is authenticated. You will receive an email as soon as it is accepted or rejected.\" \/>\n<meta property=\"og:url\" content=\"https:\/\/hosstes.hu\/en\/thank-you-for-registering\/\" \/>\n<meta property=\"og:site_name\" content=\"Hostess\" \/>\n<meta property=\"article:publisher\" content=\"https:\/\/www.facebook.com\/profile.php?id=100064919820699\" \/>\n<meta property=\"og:image\" content=\"https:\/\/hosstes.hu\/wp-content\/uploads\/2020\/08\/cropped-images-1-e1668016422983.png\" \/>\n\t<meta property=\"og:image:width\" content=\"64\" \/>\n\t<meta property=\"og:image:height\" content=\"64\" \/>\n\t<meta property=\"og:image:type\" content=\"image\/png\" \/>\n<meta name=\"twitter:card\" content=\"summary_large_image\" \/>\n<meta name=\"twitter:site\" content=\"@tarskozvetitohu\" \/>\n<script type=\"application\/ld+json\" class=\"yoast-schema-graph\">{\"@context\":\"https:\\\/\\\/schema.org\",\"@graph\":[{\"@type\":\"WebPage\",\"@id\":\"https:\\\/\\\/hosstes.hu\\\/en\\\/thank-you-for-registering\\\/\",\"url\":\"https:\\\/\\\/hosstes.hu\\\/en\\\/thank-you-for-registering\\\/\",\"name\":\"Thank you for registering - Hostess\",\"isPartOf\":{\"@id\":\"https:\\\/\\\/hosstes.hu\\\/#website\"},\"datePublished\":\"2022-02-26T09:43:37+00:00\",\"breadcrumb\":{\"@id\":\"https:\\\/\\\/hosstes.hu\\\/en\\\/thank-you-for-registering\\\/#breadcrumb\"},\"inLanguage\":\"en-US\",\"potentialAction\":[{\"@type\":\"ReadAction\",\"target\":[\"https:\\\/\\\/hosstes.hu\\\/en\\\/thank-you-for-registering\\\/\"]}]},{\"@type\":\"BreadcrumbList\",\"@id\":\"https:\\\/\\\/hosstes.hu\\\/en\\\/thank-you-for-registering\\\/#breadcrumb\",\"itemListElement\":[{\"@type\":\"ListItem\",\"position\":1,\"name\":\"Kezd\u0151lap\",\"item\":\"https:\\\/\\\/hosstes.hu\\\/en\\\/\"},{\"@type\":\"ListItem\",\"position\":2,\"name\":\"Thank you for registering\"}]},{\"@type\":\"WebSite\",\"@id\":\"https:\\\/\\\/hosstes.hu\\\/#website\",\"url\":\"https:\\\/\\\/hosstes.hu\\\/\",\"name\":\"Hostess\",\"description\":\"H\u00f6lgy\\\/\u00dark\u00eds\u00e9ret k\u00f6zvet\u00edt\u00e9s nyelveket besz\u00e9l\u0151 \u00far\\\/h\u00f6lgy elk\u00eds\u00e9ri \u00d6nt ak\u00e1r eg\u00e9sz Eur\u00f3p\u00e1ban \u00e9s a nagyvil\u00e1gban!\",\"publisher\":{\"@id\":\"https:\\\/\\\/hosstes.hu\\\/#organization\"},\"potentialAction\":[{\"@type\":\"SearchAction\",\"target\":{\"@type\":\"EntryPoint\",\"urlTemplate\":\"https:\\\/\\\/hosstes.hu\\\/?s={search_term_string}\"},\"query-input\":{\"@type\":\"PropertyValueSpecification\",\"valueRequired\":true,\"valueName\":\"search_term_string\"}}],\"inLanguage\":\"en-US\"},{\"@type\":\"Organization\",\"@id\":\"https:\\\/\\\/hosstes.hu\\\/#organization\",\"name\":\"Hostess\",\"url\":\"https:\\\/\\\/hosstes.hu\\\/\",\"logo\":{\"@type\":\"ImageObject\",\"inLanguage\":\"en-US\",\"@id\":\"https:\\\/\\\/hosstes.hu\\\/#\\\/schema\\\/logo\\\/image\\\/\",\"url\":\"https:\\\/\\\/hosstes.hu\\\/wp-content\\\/uploads\\\/2020\\\/08\\\/cropped-images-1-e1668016422983.png\",\"contentUrl\":\"https:\\\/\\\/hosstes.hu\\\/wp-content\\\/uploads\\\/2020\\\/08\\\/cropped-images-1-e1668016422983.png\",\"width\":64,\"height\":64,\"caption\":\"Hostess\"},\"image\":{\"@id\":\"https:\\\/\\\/hosstes.hu\\\/#\\\/schema\\\/logo\\\/image\\\/\"},\"sameAs\":[\"https:\\\/\\\/www.facebook.com\\\/profile.php?id=100064919820699\",\"https:\\\/\\\/x.com\\\/tarskozvetitohu\",\"https:\\\/\\\/www.pinterest.ca\\\/HolgykiseretUrkiseretHostess\\\/\",\"https:\\\/\\\/www.linkedin.com\\\/in\\\/hostess-hlgykisret-92b692191\\\/\",\"https:\\\/\\\/www.tiktok.com\\\/@holgykiseret\"]}]}<\/script>\n<!-- \/ Yoast SEO plugin. -->","yoast_head_json":{"title":"Thank you for registering - Hostess","robots":{"index":"index","follow":"follow","max-snippet":"max-snippet:-1","max-image-preview":"max-image-preview:large","max-video-preview":"max-video-preview:-1"},"canonical":"https:\/\/hosstes.hu\/en\/thank-you-for-registering\/","og_locale":"en_US","og_type":"article","og_title":"Thank you for registering - Hostess","og_description":"Thank you for registering Your membership application is awaiting approval by the site administrator. You will not be able to connect with the site and the people on it until your user is authenticated. You will receive an email as soon as it is accepted or rejected.","og_url":"https:\/\/hosstes.hu\/en\/thank-you-for-registering\/","og_site_name":"Hostess","article_publisher":"https:\/\/www.facebook.com\/profile.php?id=100064919820699","og_image":[{"width":64,"height":64,"url":"https:\/\/hosstes.hu\/wp-content\/uploads\/2020\/08\/cropped-images-1-e1668016422983.png","type":"image\/png"}],"twitter_card":"summary_large_image","twitter_site":"@tarskozvetitohu","schema":{"@context":"https:\/\/schema.org","@graph":[{"@type":"WebPage","@id":"https:\/\/hosstes.hu\/en\/thank-you-for-registering\/","url":"https:\/\/hosstes.hu\/en\/thank-you-for-registering\/","name":"Thank you for registering - Hostess","isPartOf":{"@id":"https:\/\/hosstes.hu\/#website"},"datePublished":"2022-02-26T09:43:37+00:00","breadcrumb":{"@id":"https:\/\/hosstes.hu\/en\/thank-you-for-registering\/#breadcrumb"},"inLanguage":"en-US","potentialAction":[{"@type":"ReadAction","target":["https:\/\/hosstes.hu\/en\/thank-you-for-registering\/"]}]},{"@type":"BreadcrumbList","@id":"https:\/\/hosstes.hu\/en\/thank-you-for-registering\/#breadcrumb","itemListElement":[{"@type":"ListItem","position":1,"name":"Kezd\u0151lap","item":"https:\/\/hosstes.hu\/en\/"},{"@type":"ListItem","position":2,"name":"Thank you for registering"}]},{"@type":"WebSite","@id":"https:\/\/hosstes.hu\/#website","url":"https:\/\/hosstes.hu\/","name":"Hostess","description":"H\u00f6lgy\/\u00dark\u00eds\u00e9ret k\u00f6zvet\u00edt\u00e9s nyelveket besz\u00e9l\u0151 \u00far\/h\u00f6lgy elk\u00eds\u00e9ri \u00d6nt ak\u00e1r eg\u00e9sz Eur\u00f3p\u00e1ban \u00e9s a nagyvil\u00e1gban!","publisher":{"@id":"https:\/\/hosstes.hu\/#organization"},"potentialAction":[{"@type":"SearchAction","target":{"@type":"EntryPoint","urlTemplate":"https:\/\/hosstes.hu\/?s={search_term_string}"},"query-input":{"@type":"PropertyValueSpecification","valueRequired":true,"valueName":"search_term_string"}}],"inLanguage":"en-US"},{"@type":"Organization","@id":"https:\/\/hosstes.hu\/#organization","name":"Hostess","url":"https:\/\/hosstes.hu\/","logo":{"@type":"ImageObject","inLanguage":"en-US","@id":"https:\/\/hosstes.hu\/#\/schema\/logo\/image\/","url":"https:\/\/hosstes.hu\/wp-content\/uploads\/2020\/08\/cropped-images-1-e1668016422983.png","contentUrl":"https:\/\/hosstes.hu\/wp-content\/uploads\/2020\/08\/cropped-images-1-e1668016422983.png","width":64,"height":64,"caption":"Hostess"},"image":{"@id":"https:\/\/hosstes.hu\/#\/schema\/logo\/image\/"},"sameAs":["https:\/\/www.facebook.com\/profile.php?id=100064919820699","https:\/\/x.com\/tarskozvetitohu","https:\/\/www.pinterest.ca\/HolgykiseretUrkiseretHostess\/","https:\/\/www.linkedin.com\/in\/hostess-hlgykisret-92b692191\/","https:\/\/www.tiktok.com\/@holgykiseret"]}]}},"_links":{"self":[{"href":"https:\/\/hosstes.hu\/en\/wp-json\/wp\/v2\/pages\/827","targetHints":{"allow":["GET"]}}],"collection":[{"href":"https:\/\/hosstes.hu\/en\/wp-json\/wp\/v2\/pages"}],"about":[{"href":"https:\/\/hosstes.hu\/en\/wp-json\/wp\/v2\/types\/page"}],"author":[{"embeddable":true,"href":"https:\/\/hosstes.hu\/en\/wp-json\/wp\/v2\/users\/1"}],"replies":[{"embeddable":true,"href":"https:\/\/hosstes.hu\/en\/wp-json\/wp\/v2\/comments?post=827"}],"version-history":[{"count":0,"href":"https:\/\/hosstes.hu\/en\/wp-json\/wp\/v2\/pages\/827\/revisions"}],"wp:attachment":[{"href":"https:\/\/hosstes.hu\/en\/wp-json\/wp\/v2\/media?parent=827"}],"curies":[{"name":"wp","href":"https:\/\/api.w.org\/{rel}","templated":true}]}}