{"id":735,"date":"2022-02-05T14:28:48","date_gmt":"2022-02-05T14:28:48","guid":{"rendered":"http:\/\/holgykiseret.sybell.net\/kiseretet-igenylek\/"},"modified":"2025-04-01T15:33:28","modified_gmt":"2025-04-01T15:33:28","slug":"kiseretet-igenylek","status":"publish","type":"page","link":"https:\/\/hosstes.hu\/en\/kiseretet-igenylek\/","title":{"rendered":"Request an escort"},"content":{"rendered":"\t\t<div data-elementor-type=\"wp-page\" data-elementor-id=\"735\" class=\"elementor elementor-735 elementor-29\" data-elementor-post-type=\"page\">\n\t\t\t\t\t\t<section class=\"elementor-section elementor-top-section elementor-element elementor-element-2ceff710 elementor-section-boxed elementor-section-height-default elementor-section-height-default\" data-id=\"2ceff710\" data-element_type=\"section\" data-e-type=\"section\">\n\t\t\t\t\t\t<div class=\"elementor-container elementor-column-gap-default\">\n\t\t\t\t\t<div class=\"elementor-column elementor-col-100 elementor-top-column elementor-element elementor-element-7d42d3d3\" data-id=\"7d42d3d3\" data-element_type=\"column\" data-e-type=\"column\">\n\t\t\t<div class=\"elementor-widget-wrap elementor-element-populated\">\n\t\t\t\t\t\t<div class=\"elementor-element elementor-element-716a582 elementor-widget elementor-widget-heading\" data-id=\"716a582\" data-element_type=\"widget\" data-e-type=\"widget\" data-widget_type=\"heading.default\">\n\t\t\t\t<div class=\"elementor-widget-container\">\n\t\t\t\t\t<h2 class=\"elementor-heading-title elementor-size-default\">Request an escort<\/h2>\t\t\t\t<\/div>\n\t\t\t\t<\/div>\n\t\t\t\t<div class=\"elementor-element elementor-element-43d70cd8 elementor-widget elementor-widget-text-editor\" data-id=\"43d70cd8\" data-element_type=\"widget\" data-e-type=\"widget\" data-widget_type=\"text-editor.default\">\n\t\t\t\t<div class=\"elementor-widget-container\">\n\t\t\t\t\t\t\t\t\t<p>REGISTRATION FOR A SMALL SELECTION ON OUR SITE IS NOW FREE<\/p>\n<p>Are you looking for an escort from Europe or another continent for a trip, a business meeting, a gathering of friends, a concert&nbsp;, or a wedding? After registration, you can view the photos and introductions of the escorts, and you can write to them and request an &nbsp;escort.<br>Those who require an escort are usually businessmen\/women, entrepreneurs, foreigners &nbsp;staying in Hungary and abroad, and people in positions for &nbsp;whom discretion is particularly important in addition to a pleasant leisure time. Due to their social status, they must regularly appear at business dinners, evenings, &nbsp;negotiations, professional events, exhibition openings, theaters, foreign-domestic &nbsp;trips or any other event.<br>Mediation can be requested in Europe, Canada, the United States, Australia, and other countries. Registration is required &nbsp;to request an escort. Registration will not be visible on our website to external persons. We treat the data&nbsp; confidentially.     <\/p>\n<p>Customer service: info@hosstes.hu<\/p>\n<p>The ethical rules of the service apply to both parties.<\/p>\n<p>1.) The expectation of sexual service is not legal, our office mediates sympathetic relationships.<br>2.) Our office only undertakes the mediation between the person requesting an escort and the person agreeing to be escorted, it is only up to the two of them,<br>whether they confirm their meeting with satisfaction.<br>3.) This is an accompanying service, so it is expected that they treat the other party with respect.<br>4.) Our office handles information with the greatest possible discretion.<\/p>\t\t\t\t\t\t\t\t<\/div>\n\t\t\t\t<\/div>\n\t\t\t\t<div class=\"elementor-element elementor-element-5ed1b16 elementor-widget elementor-widget-button\" data-id=\"5ed1b16\" data-element_type=\"widget\" data-e-type=\"widget\" data-widget_type=\"button.default\">\n\t\t\t\t<div class=\"elementor-widget-container\">\n\t\t\t\t\t\t\t\t\t<div class=\"elementor-button-wrapper\">\n\t\t\t\t\t<a class=\"elementor-button elementor-button-link elementor-size-sm\" href=\"https:\/\/hosstes.hu\/en\/regisztral\/?type=igenylo\">\n\t\t\t\t\t\t<span class=\"elementor-button-content-wrapper\">\n\t\t\t\t\t\t\t\t\t<span class=\"elementor-button-text\">Accept\/Registration<\/span>\n\t\t\t\t\t<\/span>\n\t\t\t\t\t<\/a>\n\t\t\t\t<\/div>\n\t\t\t\t\t\t\t\t<\/div>\n\t\t\t\t<\/div>\n\t\t\t\t\t<\/div>\n\t\t<\/div>\n\t\t\t\t\t<\/div>\n\t\t<\/section>\n\t\t\t\t<\/div>\n\t\t","protected":false},"excerpt":{"rendered":"<p>Request an escort REGISTRATION FOR A SMALL SELECTION ON OUR SITE IS NOW FREE Are you looking for an escort from Europe or another continent for a trip, a business meeting, a gathering of friends, a concert&nbsp;, or a wedding? After registration, you can view the photos and introductions of the escorts, and you can [&hellip;]<\/p>\n","protected":false},"author":1,"featured_media":0,"parent":0,"menu_order":0,"comment_status":"closed","ping_status":"closed","template":"","meta":{"site-sidebar-layout":"no-sidebar","site-content-layout":"page-builder","ast-site-content-layout":"default","site-content-style":"default","site-sidebar-style":"default","ast-global-header-display":"","ast-banner-title-visibility":"","ast-main-header-display":"","ast-hfb-above-header-display":"","ast-hfb-below-header-display":"","ast-hfb-mobile-header-display":"","site-post-title":"disabled","ast-breadcrumbs-content":"","ast-featured-img":"disabled","footer-sml-layout":"","ast-disable-related-posts":"","theme-transparent-header-meta":"default","adv-header-id-meta":"","stick-header-meta":"","header-above-stick-meta":"","header-main-stick-meta":"","header-below-stick-meta":"","astra-migrate-meta-layouts":"default","ast-page-background-enabled":"default","ast-page-background-meta":{"desktop":{"background-color":"","background-image":"","background-repeat":"repeat","background-position":"center center","background-size":"auto","background-attachment":"scroll","background-type":"","background-media":"","overlay-type":"","overlay-color":"","overlay-opacity":"","overlay-gradient":""},"tablet":{"background-color":"","background-image":"","background-repeat":"repeat","background-position":"center center","background-size":"auto","background-attachment":"scroll","background-type":"","background-media":"","overlay-type":"","overlay-color":"","overlay-opacity":"","overlay-gradient":""},"mobile":{"background-color":"","background-image":"","background-repeat":"repeat","background-position":"center center","background-size":"auto","background-attachment":"scroll","background-type":"","background-media":"","overlay-type":"","overlay-color":"","overlay-opacity":"","overlay-gradient":""}},"ast-content-background-meta":{"desktop":{"background-color":"var(--ast-global-color-5)","background-image":"","background-repeat":"repeat","background-position":"center center","background-size":"auto","background-attachment":"scroll","background-type":"","background-media":"","overlay-type":"","overlay-color":"","overlay-opacity":"","overlay-gradient":""},"tablet":{"background-color":"var(--ast-global-color-5)","background-image":"","background-repeat":"repeat","background-position":"center center","background-size":"auto","background-attachment":"scroll","background-type":"","background-media":"","overlay-type":"","overlay-color":"","overlay-opacity":"","overlay-gradient":""},"mobile":{"background-color":"var(--ast-global-color-5)","background-image":"","background-repeat":"repeat","background-position":"center center","background-size":"auto","background-attachment":"scroll","background-type":"","background-media":"","overlay-type":"","overlay-color":"","overlay-opacity":"","overlay-gradient":""}},"footnotes":""},"class_list":["post-735","page","type-page","status-publish","hentry"],"yoast_head":"<!-- This site is optimized with the Yoast SEO plugin v27.4 - https:\/\/yoast.com\/product\/yoast-seo-wordpress\/ -->\n<title>Request an escort - Hostess<\/title>\n<meta name=\"robots\" content=\"index, follow, max-snippet:-1, max-image-preview:large, max-video-preview:-1\" \/>\n<link rel=\"canonical\" href=\"https:\/\/hosstes.hu\/en\/kiseretet-igenylek\/\" \/>\n<meta property=\"og:locale\" content=\"en_US\" \/>\n<meta property=\"og:type\" content=\"article\" \/>\n<meta property=\"og:title\" content=\"Request an escort - Hostess\" \/>\n<meta property=\"og:description\" content=\"Request an escort REGISTRATION FOR A SMALL SELECTION ON OUR SITE IS NOW FREE Are you looking for an escort from Europe or another continent for a trip, a business meeting, a gathering of friends, a concert&nbsp;, or a wedding? After registration, you can view the photos and introductions of the escorts, and you can [&hellip;]\" \/>\n<meta property=\"og:url\" content=\"https:\/\/hosstes.hu\/en\/kiseretet-igenylek\/\" \/>\n<meta property=\"og:site_name\" content=\"Hostess\" \/>\n<meta property=\"article:publisher\" content=\"https:\/\/www.facebook.com\/profile.php?id=100064919820699\" \/>\n<meta property=\"article:modified_time\" content=\"2025-04-01T15:33:28+00:00\" \/>\n<meta property=\"og:image\" content=\"https:\/\/hosstes.hu\/wp-content\/uploads\/2020\/08\/cropped-images-1-e1668016422983.png\" \/>\n\t<meta property=\"og:image:width\" content=\"64\" \/>\n\t<meta property=\"og:image:height\" content=\"64\" \/>\n\t<meta property=\"og:image:type\" content=\"image\/png\" \/>\n<meta name=\"twitter:card\" content=\"summary_large_image\" \/>\n<meta name=\"twitter:site\" content=\"@tarskozvetitohu\" \/>\n<meta name=\"twitter:label1\" content=\"Est. reading time\" \/>\n\t<meta name=\"twitter:data1\" content=\"2 minutes\" \/>\n<script type=\"application\/ld+json\" class=\"yoast-schema-graph\">{\"@context\":\"https:\\\/\\\/schema.org\",\"@graph\":[{\"@type\":\"WebPage\",\"@id\":\"https:\\\/\\\/hosstes.hu\\\/en\\\/kiseretet-igenylek\\\/\",\"url\":\"https:\\\/\\\/hosstes.hu\\\/en\\\/kiseretet-igenylek\\\/\",\"name\":\"Request an escort - Hostess\",\"isPartOf\":{\"@id\":\"https:\\\/\\\/hosstes.hu\\\/#website\"},\"datePublished\":\"2022-02-05T14:28:48+00:00\",\"dateModified\":\"2025-04-01T15:33:28+00:00\",\"breadcrumb\":{\"@id\":\"https:\\\/\\\/hosstes.hu\\\/en\\\/kiseretet-igenylek\\\/#breadcrumb\"},\"inLanguage\":\"en-US\",\"potentialAction\":[{\"@type\":\"ReadAction\",\"target\":[\"https:\\\/\\\/hosstes.hu\\\/en\\\/kiseretet-igenylek\\\/\"]}]},{\"@type\":\"BreadcrumbList\",\"@id\":\"https:\\\/\\\/hosstes.hu\\\/en\\\/kiseretet-igenylek\\\/#breadcrumb\",\"itemListElement\":[{\"@type\":\"ListItem\",\"position\":1,\"name\":\"Kezd\u0151lap\",\"item\":\"https:\\\/\\\/hosstes.hu\\\/en\\\/\"},{\"@type\":\"ListItem\",\"position\":2,\"name\":\"Request an escort\"}]},{\"@type\":\"WebSite\",\"@id\":\"https:\\\/\\\/hosstes.hu\\\/#website\",\"url\":\"https:\\\/\\\/hosstes.hu\\\/\",\"name\":\"Hostess\",\"description\":\"H\u00f6lgy\\\/\u00dark\u00eds\u00e9ret k\u00f6zvet\u00edt\u00e9s nyelveket besz\u00e9l\u0151 \u00far\\\/h\u00f6lgy elk\u00eds\u00e9ri \u00d6nt ak\u00e1r eg\u00e9sz Eur\u00f3p\u00e1ban \u00e9s a nagyvil\u00e1gban!\",\"publisher\":{\"@id\":\"https:\\\/\\\/hosstes.hu\\\/#organization\"},\"potentialAction\":[{\"@type\":\"SearchAction\",\"target\":{\"@type\":\"EntryPoint\",\"urlTemplate\":\"https:\\\/\\\/hosstes.hu\\\/?s={search_term_string}\"},\"query-input\":{\"@type\":\"PropertyValueSpecification\",\"valueRequired\":true,\"valueName\":\"search_term_string\"}}],\"inLanguage\":\"en-US\"},{\"@type\":\"Organization\",\"@id\":\"https:\\\/\\\/hosstes.hu\\\/#organization\",\"name\":\"Hostess\",\"url\":\"https:\\\/\\\/hosstes.hu\\\/\",\"logo\":{\"@type\":\"ImageObject\",\"inLanguage\":\"en-US\",\"@id\":\"https:\\\/\\\/hosstes.hu\\\/#\\\/schema\\\/logo\\\/image\\\/\",\"url\":\"https:\\\/\\\/hosstes.hu\\\/wp-content\\\/uploads\\\/2020\\\/08\\\/cropped-images-1-e1668016422983.png\",\"contentUrl\":\"https:\\\/\\\/hosstes.hu\\\/wp-content\\\/uploads\\\/2020\\\/08\\\/cropped-images-1-e1668016422983.png\",\"width\":64,\"height\":64,\"caption\":\"Hostess\"},\"image\":{\"@id\":\"https:\\\/\\\/hosstes.hu\\\/#\\\/schema\\\/logo\\\/image\\\/\"},\"sameAs\":[\"https:\\\/\\\/www.facebook.com\\\/profile.php?id=100064919820699\",\"https:\\\/\\\/x.com\\\/tarskozvetitohu\",\"https:\\\/\\\/www.pinterest.ca\\\/HolgykiseretUrkiseretHostess\\\/\",\"https:\\\/\\\/www.linkedin.com\\\/in\\\/hostess-hlgykisret-92b692191\\\/\",\"https:\\\/\\\/www.tiktok.com\\\/@holgykiseret\"]}]}<\/script>\n<!-- \/ Yoast SEO plugin. -->","yoast_head_json":{"title":"Request an escort - Hostess","robots":{"index":"index","follow":"follow","max-snippet":"max-snippet:-1","max-image-preview":"max-image-preview:large","max-video-preview":"max-video-preview:-1"},"canonical":"https:\/\/hosstes.hu\/en\/kiseretet-igenylek\/","og_locale":"en_US","og_type":"article","og_title":"Request an escort - Hostess","og_description":"Request an escort REGISTRATION FOR A SMALL SELECTION ON OUR SITE IS NOW FREE Are you looking for an escort from Europe or another continent for a trip, a business meeting, a gathering of friends, a concert&nbsp;, or a wedding? After registration, you can view the photos and introductions of the escorts, and you can [&hellip;]","og_url":"https:\/\/hosstes.hu\/en\/kiseretet-igenylek\/","og_site_name":"Hostess","article_publisher":"https:\/\/www.facebook.com\/profile.php?id=100064919820699","article_modified_time":"2025-04-01T15:33:28+00:00","og_image":[{"width":64,"height":64,"url":"https:\/\/hosstes.hu\/wp-content\/uploads\/2020\/08\/cropped-images-1-e1668016422983.png","type":"image\/png"}],"twitter_card":"summary_large_image","twitter_site":"@tarskozvetitohu","twitter_misc":{"Est. reading time":"2 minutes"},"schema":{"@context":"https:\/\/schema.org","@graph":[{"@type":"WebPage","@id":"https:\/\/hosstes.hu\/en\/kiseretet-igenylek\/","url":"https:\/\/hosstes.hu\/en\/kiseretet-igenylek\/","name":"Request an escort - Hostess","isPartOf":{"@id":"https:\/\/hosstes.hu\/#website"},"datePublished":"2022-02-05T14:28:48+00:00","dateModified":"2025-04-01T15:33:28+00:00","breadcrumb":{"@id":"https:\/\/hosstes.hu\/en\/kiseretet-igenylek\/#breadcrumb"},"inLanguage":"en-US","potentialAction":[{"@type":"ReadAction","target":["https:\/\/hosstes.hu\/en\/kiseretet-igenylek\/"]}]},{"@type":"BreadcrumbList","@id":"https:\/\/hosstes.hu\/en\/kiseretet-igenylek\/#breadcrumb","itemListElement":[{"@type":"ListItem","position":1,"name":"Kezd\u0151lap","item":"https:\/\/hosstes.hu\/en\/"},{"@type":"ListItem","position":2,"name":"Request an escort"}]},{"@type":"WebSite","@id":"https:\/\/hosstes.hu\/#website","url":"https:\/\/hosstes.hu\/","name":"Hostess","description":"H\u00f6lgy\/\u00dark\u00eds\u00e9ret k\u00f6zvet\u00edt\u00e9s nyelveket besz\u00e9l\u0151 \u00far\/h\u00f6lgy elk\u00eds\u00e9ri \u00d6nt ak\u00e1r eg\u00e9sz Eur\u00f3p\u00e1ban \u00e9s a nagyvil\u00e1gban!","publisher":{"@id":"https:\/\/hosstes.hu\/#organization"},"potentialAction":[{"@type":"SearchAction","target":{"@type":"EntryPoint","urlTemplate":"https:\/\/hosstes.hu\/?s={search_term_string}"},"query-input":{"@type":"PropertyValueSpecification","valueRequired":true,"valueName":"search_term_string"}}],"inLanguage":"en-US"},{"@type":"Organization","@id":"https:\/\/hosstes.hu\/#organization","name":"Hostess","url":"https:\/\/hosstes.hu\/","logo":{"@type":"ImageObject","inLanguage":"en-US","@id":"https:\/\/hosstes.hu\/#\/schema\/logo\/image\/","url":"https:\/\/hosstes.hu\/wp-content\/uploads\/2020\/08\/cropped-images-1-e1668016422983.png","contentUrl":"https:\/\/hosstes.hu\/wp-content\/uploads\/2020\/08\/cropped-images-1-e1668016422983.png","width":64,"height":64,"caption":"Hostess"},"image":{"@id":"https:\/\/hosstes.hu\/#\/schema\/logo\/image\/"},"sameAs":["https:\/\/www.facebook.com\/profile.php?id=100064919820699","https:\/\/x.com\/tarskozvetitohu","https:\/\/www.pinterest.ca\/HolgykiseretUrkiseretHostess\/","https:\/\/www.linkedin.com\/in\/hostess-hlgykisret-92b692191\/","https:\/\/www.tiktok.com\/@holgykiseret"]}]}},"_links":{"self":[{"href":"https:\/\/hosstes.hu\/en\/wp-json\/wp\/v2\/pages\/735","targetHints":{"allow":["GET"]}}],"collection":[{"href":"https:\/\/hosstes.hu\/en\/wp-json\/wp\/v2\/pages"}],"about":[{"href":"https:\/\/hosstes.hu\/en\/wp-json\/wp\/v2\/types\/page"}],"author":[{"embeddable":true,"href":"https:\/\/hosstes.hu\/en\/wp-json\/wp\/v2\/users\/1"}],"replies":[{"embeddable":true,"href":"https:\/\/hosstes.hu\/en\/wp-json\/wp\/v2\/comments?post=735"}],"version-history":[{"count":3,"href":"https:\/\/hosstes.hu\/en\/wp-json\/wp\/v2\/pages\/735\/revisions"}],"predecessor-version":[{"id":1831,"href":"https:\/\/hosstes.hu\/en\/wp-json\/wp\/v2\/pages\/735\/revisions\/1831"}],"wp:attachment":[{"href":"https:\/\/hosstes.hu\/en\/wp-json\/wp\/v2\/media?parent=735"}],"curies":[{"name":"wp","href":"https:\/\/api.w.org\/{rel}","templated":true}]}}