{"id":686,"date":"2022-02-05T13:43:49","date_gmt":"2022-02-05T13:43:49","guid":{"rendered":"http:\/\/holgykiseret.sybell.net\/apply-to-be-an-escort\/"},"modified":"2025-03-31T14:28:49","modified_gmt":"2025-03-31T14:28:49","slug":"apply-to-be-an-escort","status":"publish","type":"page","link":"https:\/\/hosstes.hu\/en\/apply-to-be-an-escort\/","title":{"rendered":"Apply to be an escort"},"content":{"rendered":"\t\t<div data-elementor-type=\"wp-page\" data-elementor-id=\"686\" class=\"elementor elementor-686 elementor-31\" data-elementor-post-type=\"page\">\n\t\t\t\t\t\t<section class=\"elementor-section elementor-top-section elementor-element elementor-element-59a5859f elementor-section-boxed elementor-section-height-default elementor-section-height-default\" data-id=\"59a5859f\" data-element_type=\"section\" data-e-type=\"section\">\n\t\t\t\t\t\t<div class=\"elementor-container elementor-column-gap-default\">\n\t\t\t\t\t<div class=\"elementor-column elementor-col-100 elementor-top-column elementor-element elementor-element-28a1a13d\" data-id=\"28a1a13d\" data-element_type=\"column\" data-e-type=\"column\">\n\t\t\t<div class=\"elementor-widget-wrap elementor-element-populated\">\n\t\t\t\t\t\t<div class=\"elementor-element elementor-element-1a676f6 elementor-widget elementor-widget-heading\" data-id=\"1a676f6\" data-element_type=\"widget\" data-e-type=\"widget\" data-widget_type=\"heading.default\">\n\t\t\t\t<div class=\"elementor-widget-container\">\n\t\t\t\t\t<h1 class=\"elementor-heading-title elementor-size-default\">Apply to be an escort <\/h1>\t\t\t\t<\/div>\n\t\t\t\t<\/div>\n\t\t\t\t<div class=\"elementor-element elementor-element-7c560c40 elementor-widget elementor-widget-text-editor\" data-id=\"7c560c40\" data-element_type=\"widget\" data-e-type=\"widget\" data-widget_type=\"text-editor.default\">\n\t\t\t\t<div class=\"elementor-widget-container\">\n\t\t\t\t\t\t\t\t\t<p>In addition to Europe, the United States of America, Australia, Canada, and the rest of the world also receive inquiries from people requesting escorts for weddings, trips, business events, and other gatherings, so escorts from these countries can also apply.<\/p>\n<p>In order to appear, you need to fill out a data sheet and attach a photo. This is how your introduction appears and those who require an escort can choose. After logging in, upload a profile picture by clicking on the profile image exchange link, so that those seeking an escort in the wider world can find you.<\/p>\n<p>Escort application registration, registration is now FREE!<\/p>\n<p>Customer service: info@hosstes.hu.<\/p>\n<p>We treat the data confidentially and cannot be seen by external persons.<\/p>\n<p>The ethical rules of the service for both parties:<br>1.) The expectation of sexual service is not legal, our office mediates sympathetic relationships.<br>2.) Our office only undertakes the mediation between the person requesting an escort and the person agreeing to be escorted, it is up to the two of them to<br>whether they confirm their meeting with satisfaction.<\/p>\t\t\t\t\t\t\t\t<\/div>\n\t\t\t\t<\/div>\n\t\t\t\t<div class=\"elementor-element elementor-element-caa47c0 elementor-widget elementor-widget-button\" data-id=\"caa47c0\" data-element_type=\"widget\" data-e-type=\"widget\" data-widget_type=\"button.default\">\n\t\t\t\t<div class=\"elementor-widget-container\">\n\t\t\t\t\t\t\t\t\t<div class=\"elementor-button-wrapper\">\n\t\t\t\t\t<a class=\"elementor-button elementor-button-link elementor-size-sm\" href=\"https:\/\/hosstes.hu\/en\/regisztral\/?type=kisero\">\n\t\t\t\t\t\t<span class=\"elementor-button-content-wrapper\">\n\t\t\t\t\t\t\t\t\t<span class=\"elementor-button-text\">Registration<\/span>\n\t\t\t\t\t<\/span>\n\t\t\t\t\t<\/a>\n\t\t\t\t<\/div>\n\t\t\t\t\t\t\t\t<\/div>\n\t\t\t\t<\/div>\n\t\t\t\t\t<\/div>\n\t\t<\/div>\n\t\t\t\t\t<\/div>\n\t\t<\/section>\n\t\t\t\t<\/div>\n\t\t","protected":false},"excerpt":{"rendered":"<p>Apply to be an escort In addition to Europe, the United States of America, Australia, Canada, and the rest of the world also receive inquiries from people requesting escorts for weddings, trips, business events, and other gatherings, so escorts from these countries can also apply. In order to appear, you need to fill out a [&hellip;]<\/p>\n","protected":false},"author":1,"featured_media":0,"parent":0,"menu_order":0,"comment_status":"closed","ping_status":"closed","template":"","meta":{"site-sidebar-layout":"no-sidebar","site-content-layout":"page-builder","ast-site-content-layout":"default","site-content-style":"default","site-sidebar-style":"default","ast-global-header-display":"","ast-banner-title-visibility":"","ast-main-header-display":"","ast-hfb-above-header-display":"","ast-hfb-below-header-display":"","ast-hfb-mobile-header-display":"","site-post-title":"disabled","ast-breadcrumbs-content":"","ast-featured-img":"disabled","footer-sml-layout":"","ast-disable-related-posts":"","theme-transparent-header-meta":"default","adv-header-id-meta":"","stick-header-meta":"","header-above-stick-meta":"","header-main-stick-meta":"","header-below-stick-meta":"","astra-migrate-meta-layouts":"default","ast-page-background-enabled":"default","ast-page-background-meta":{"desktop":{"background-color":"","background-image":"","background-repeat":"repeat","background-position":"center center","background-size":"auto","background-attachment":"scroll","background-type":"","background-media":"","overlay-type":"","overlay-color":"","overlay-opacity":"","overlay-gradient":""},"tablet":{"background-color":"","background-image":"","background-repeat":"repeat","background-position":"center center","background-size":"auto","background-attachment":"scroll","background-type":"","background-media":"","overlay-type":"","overlay-color":"","overlay-opacity":"","overlay-gradient":""},"mobile":{"background-color":"","background-image":"","background-repeat":"repeat","background-position":"center center","background-size":"auto","background-attachment":"scroll","background-type":"","background-media":"","overlay-type":"","overlay-color":"","overlay-opacity":"","overlay-gradient":""}},"ast-content-background-meta":{"desktop":{"background-color":"var(--ast-global-color-5)","background-image":"","background-repeat":"repeat","background-position":"center center","background-size":"auto","background-attachment":"scroll","background-type":"","background-media":"","overlay-type":"","overlay-color":"","overlay-opacity":"","overlay-gradient":""},"tablet":{"background-color":"var(--ast-global-color-5)","background-image":"","background-repeat":"repeat","background-position":"center center","background-size":"auto","background-attachment":"scroll","background-type":"","background-media":"","overlay-type":"","overlay-color":"","overlay-opacity":"","overlay-gradient":""},"mobile":{"background-color":"var(--ast-global-color-5)","background-image":"","background-repeat":"repeat","background-position":"center center","background-size":"auto","background-attachment":"scroll","background-type":"","background-media":"","overlay-type":"","overlay-color":"","overlay-opacity":"","overlay-gradient":""}},"footnotes":""},"class_list":["post-686","page","type-page","status-publish","hentry"],"yoast_head":"<!-- This site is optimized with the Yoast SEO plugin v27.4 - https:\/\/yoast.com\/product\/yoast-seo-wordpress\/ -->\n<title>Apply to be an escort - Hostess<\/title>\n<meta name=\"robots\" content=\"index, follow, max-snippet:-1, max-image-preview:large, max-video-preview:-1\" \/>\n<link rel=\"canonical\" href=\"https:\/\/hosstes.hu\/en\/apply-to-be-an-escort\/\" \/>\n<meta property=\"og:locale\" content=\"en_US\" \/>\n<meta property=\"og:type\" content=\"article\" \/>\n<meta property=\"og:title\" content=\"Apply to be an escort - Hostess\" \/>\n<meta property=\"og:description\" content=\"Apply to be an escort In addition to Europe, the United States of America, Australia, Canada, and the rest of the world also receive inquiries from people requesting escorts for weddings, trips, business events, and other gatherings, so escorts from these countries can also apply. In order to appear, you need to fill out a [&hellip;]\" \/>\n<meta property=\"og:url\" content=\"https:\/\/hosstes.hu\/en\/apply-to-be-an-escort\/\" \/>\n<meta property=\"og:site_name\" content=\"Hostess\" \/>\n<meta property=\"article:publisher\" content=\"https:\/\/www.facebook.com\/profile.php?id=100064919820699\" \/>\n<meta property=\"article:modified_time\" content=\"2025-03-31T14:28:49+00:00\" \/>\n<meta property=\"og:image\" content=\"https:\/\/hosstes.hu\/wp-content\/uploads\/2020\/08\/cropped-images-1-e1668016422983.png\" \/>\n\t<meta property=\"og:image:width\" content=\"64\" \/>\n\t<meta property=\"og:image:height\" content=\"64\" \/>\n\t<meta property=\"og:image:type\" content=\"image\/png\" \/>\n<meta name=\"twitter:card\" content=\"summary_large_image\" \/>\n<meta name=\"twitter:site\" content=\"@tarskozvetitohu\" \/>\n<meta name=\"twitter:label1\" content=\"Est. reading time\" \/>\n\t<meta name=\"twitter:data1\" content=\"1 minute\" \/>\n<script type=\"application\/ld+json\" class=\"yoast-schema-graph\">{\"@context\":\"https:\\\/\\\/schema.org\",\"@graph\":[{\"@type\":\"WebPage\",\"@id\":\"https:\\\/\\\/hosstes.hu\\\/en\\\/apply-to-be-an-escort\\\/\",\"url\":\"https:\\\/\\\/hosstes.hu\\\/en\\\/apply-to-be-an-escort\\\/\",\"name\":\"Apply to be an escort - Hostess\",\"isPartOf\":{\"@id\":\"https:\\\/\\\/hosstes.hu\\\/#website\"},\"datePublished\":\"2022-02-05T13:43:49+00:00\",\"dateModified\":\"2025-03-31T14:28:49+00:00\",\"breadcrumb\":{\"@id\":\"https:\\\/\\\/hosstes.hu\\\/en\\\/apply-to-be-an-escort\\\/#breadcrumb\"},\"inLanguage\":\"en-US\",\"potentialAction\":[{\"@type\":\"ReadAction\",\"target\":[\"https:\\\/\\\/hosstes.hu\\\/en\\\/apply-to-be-an-escort\\\/\"]}]},{\"@type\":\"BreadcrumbList\",\"@id\":\"https:\\\/\\\/hosstes.hu\\\/en\\\/apply-to-be-an-escort\\\/#breadcrumb\",\"itemListElement\":[{\"@type\":\"ListItem\",\"position\":1,\"name\":\"Kezd\u0151lap\",\"item\":\"https:\\\/\\\/hosstes.hu\\\/en\\\/\"},{\"@type\":\"ListItem\",\"position\":2,\"name\":\"Apply to be an escort\"}]},{\"@type\":\"WebSite\",\"@id\":\"https:\\\/\\\/hosstes.hu\\\/#website\",\"url\":\"https:\\\/\\\/hosstes.hu\\\/\",\"name\":\"Hostess\",\"description\":\"H\u00f6lgy\\\/\u00dark\u00eds\u00e9ret k\u00f6zvet\u00edt\u00e9s nyelveket besz\u00e9l\u0151 \u00far\\\/h\u00f6lgy elk\u00eds\u00e9ri \u00d6nt ak\u00e1r eg\u00e9sz Eur\u00f3p\u00e1ban \u00e9s a nagyvil\u00e1gban!\",\"publisher\":{\"@id\":\"https:\\\/\\\/hosstes.hu\\\/#organization\"},\"potentialAction\":[{\"@type\":\"SearchAction\",\"target\":{\"@type\":\"EntryPoint\",\"urlTemplate\":\"https:\\\/\\\/hosstes.hu\\\/?s={search_term_string}\"},\"query-input\":{\"@type\":\"PropertyValueSpecification\",\"valueRequired\":true,\"valueName\":\"search_term_string\"}}],\"inLanguage\":\"en-US\"},{\"@type\":\"Organization\",\"@id\":\"https:\\\/\\\/hosstes.hu\\\/#organization\",\"name\":\"Hostess\",\"url\":\"https:\\\/\\\/hosstes.hu\\\/\",\"logo\":{\"@type\":\"ImageObject\",\"inLanguage\":\"en-US\",\"@id\":\"https:\\\/\\\/hosstes.hu\\\/#\\\/schema\\\/logo\\\/image\\\/\",\"url\":\"https:\\\/\\\/hosstes.hu\\\/wp-content\\\/uploads\\\/2020\\\/08\\\/cropped-images-1-e1668016422983.png\",\"contentUrl\":\"https:\\\/\\\/hosstes.hu\\\/wp-content\\\/uploads\\\/2020\\\/08\\\/cropped-images-1-e1668016422983.png\",\"width\":64,\"height\":64,\"caption\":\"Hostess\"},\"image\":{\"@id\":\"https:\\\/\\\/hosstes.hu\\\/#\\\/schema\\\/logo\\\/image\\\/\"},\"sameAs\":[\"https:\\\/\\\/www.facebook.com\\\/profile.php?id=100064919820699\",\"https:\\\/\\\/x.com\\\/tarskozvetitohu\",\"https:\\\/\\\/www.pinterest.ca\\\/HolgykiseretUrkiseretHostess\\\/\",\"https:\\\/\\\/www.linkedin.com\\\/in\\\/hostess-hlgykisret-92b692191\\\/\",\"https:\\\/\\\/www.tiktok.com\\\/@holgykiseret\"]}]}<\/script>\n<!-- \/ Yoast SEO plugin. -->","yoast_head_json":{"title":"Apply to be an escort - Hostess","robots":{"index":"index","follow":"follow","max-snippet":"max-snippet:-1","max-image-preview":"max-image-preview:large","max-video-preview":"max-video-preview:-1"},"canonical":"https:\/\/hosstes.hu\/en\/apply-to-be-an-escort\/","og_locale":"en_US","og_type":"article","og_title":"Apply to be an escort - Hostess","og_description":"Apply to be an escort In addition to Europe, the United States of America, Australia, Canada, and the rest of the world also receive inquiries from people requesting escorts for weddings, trips, business events, and other gatherings, so escorts from these countries can also apply. In order to appear, you need to fill out a [&hellip;]","og_url":"https:\/\/hosstes.hu\/en\/apply-to-be-an-escort\/","og_site_name":"Hostess","article_publisher":"https:\/\/www.facebook.com\/profile.php?id=100064919820699","article_modified_time":"2025-03-31T14:28:49+00:00","og_image":[{"width":64,"height":64,"url":"https:\/\/hosstes.hu\/wp-content\/uploads\/2020\/08\/cropped-images-1-e1668016422983.png","type":"image\/png"}],"twitter_card":"summary_large_image","twitter_site":"@tarskozvetitohu","twitter_misc":{"Est. reading time":"1 minute"},"schema":{"@context":"https:\/\/schema.org","@graph":[{"@type":"WebPage","@id":"https:\/\/hosstes.hu\/en\/apply-to-be-an-escort\/","url":"https:\/\/hosstes.hu\/en\/apply-to-be-an-escort\/","name":"Apply to be an escort - Hostess","isPartOf":{"@id":"https:\/\/hosstes.hu\/#website"},"datePublished":"2022-02-05T13:43:49+00:00","dateModified":"2025-03-31T14:28:49+00:00","breadcrumb":{"@id":"https:\/\/hosstes.hu\/en\/apply-to-be-an-escort\/#breadcrumb"},"inLanguage":"en-US","potentialAction":[{"@type":"ReadAction","target":["https:\/\/hosstes.hu\/en\/apply-to-be-an-escort\/"]}]},{"@type":"BreadcrumbList","@id":"https:\/\/hosstes.hu\/en\/apply-to-be-an-escort\/#breadcrumb","itemListElement":[{"@type":"ListItem","position":1,"name":"Kezd\u0151lap","item":"https:\/\/hosstes.hu\/en\/"},{"@type":"ListItem","position":2,"name":"Apply to be an escort"}]},{"@type":"WebSite","@id":"https:\/\/hosstes.hu\/#website","url":"https:\/\/hosstes.hu\/","name":"Hostess","description":"H\u00f6lgy\/\u00dark\u00eds\u00e9ret k\u00f6zvet\u00edt\u00e9s nyelveket besz\u00e9l\u0151 \u00far\/h\u00f6lgy elk\u00eds\u00e9ri \u00d6nt ak\u00e1r eg\u00e9sz Eur\u00f3p\u00e1ban \u00e9s a nagyvil\u00e1gban!","publisher":{"@id":"https:\/\/hosstes.hu\/#organization"},"potentialAction":[{"@type":"SearchAction","target":{"@type":"EntryPoint","urlTemplate":"https:\/\/hosstes.hu\/?s={search_term_string}"},"query-input":{"@type":"PropertyValueSpecification","valueRequired":true,"valueName":"search_term_string"}}],"inLanguage":"en-US"},{"@type":"Organization","@id":"https:\/\/hosstes.hu\/#organization","name":"Hostess","url":"https:\/\/hosstes.hu\/","logo":{"@type":"ImageObject","inLanguage":"en-US","@id":"https:\/\/hosstes.hu\/#\/schema\/logo\/image\/","url":"https:\/\/hosstes.hu\/wp-content\/uploads\/2020\/08\/cropped-images-1-e1668016422983.png","contentUrl":"https:\/\/hosstes.hu\/wp-content\/uploads\/2020\/08\/cropped-images-1-e1668016422983.png","width":64,"height":64,"caption":"Hostess"},"image":{"@id":"https:\/\/hosstes.hu\/#\/schema\/logo\/image\/"},"sameAs":["https:\/\/www.facebook.com\/profile.php?id=100064919820699","https:\/\/x.com\/tarskozvetitohu","https:\/\/www.pinterest.ca\/HolgykiseretUrkiseretHostess\/","https:\/\/www.linkedin.com\/in\/hostess-hlgykisret-92b692191\/","https:\/\/www.tiktok.com\/@holgykiseret"]}]}},"_links":{"self":[{"href":"https:\/\/hosstes.hu\/en\/wp-json\/wp\/v2\/pages\/686","targetHints":{"allow":["GET"]}}],"collection":[{"href":"https:\/\/hosstes.hu\/en\/wp-json\/wp\/v2\/pages"}],"about":[{"href":"https:\/\/hosstes.hu\/en\/wp-json\/wp\/v2\/types\/page"}],"author":[{"embeddable":true,"href":"https:\/\/hosstes.hu\/en\/wp-json\/wp\/v2\/users\/1"}],"replies":[{"embeddable":true,"href":"https:\/\/hosstes.hu\/en\/wp-json\/wp\/v2\/comments?post=686"}],"version-history":[{"count":0,"href":"https:\/\/hosstes.hu\/en\/wp-json\/wp\/v2\/pages\/686\/revisions"}],"wp:attachment":[{"href":"https:\/\/hosstes.hu\/en\/wp-json\/wp\/v2\/media?parent=686"}],"curies":[{"name":"wp","href":"https:\/\/api.w.org\/{rel}","templated":true}]}}