{"id":24,"date":"2020-04-26T18:01:20","date_gmt":"2020-04-26T18:01:20","guid":{"rendered":"http:\/\/holgykiseret.sybell.net\/regisztral\/"},"modified":"2023-12-13T16:33:39","modified_gmt":"2023-12-13T16:33:39","slug":"regisztral","status":"publish","type":"page","link":"https:\/\/hosstes.hu\/regisztral\/","title":{"rendered":"Regisztr\u00e1l"},"content":{"rendered":"\n<h2 class=\"has-text-align-center wp-block-heading\" id=\"regisztracio\">Regisztr\u00e1ci\u00f3<\/h2>\n","protected":false},"excerpt":{"rendered":"<p>Regisztr\u00e1ci\u00f3<\/p>\n","protected":false},"author":1,"featured_media":0,"parent":0,"menu_order":0,"comment_status":"closed","ping_status":"closed","template":"","meta":{"site-sidebar-layout":"default","site-content-layout":"default","ast-site-content-layout":"default","site-content-style":"default","site-sidebar-style":"default","ast-global-header-display":"","ast-banner-title-visibility":"","ast-main-header-display":"","ast-hfb-above-header-display":"","ast-hfb-below-header-display":"","ast-hfb-mobile-header-display":"","site-post-title":"","ast-breadcrumbs-content":"","ast-featured-img":"","footer-sml-layout":"","ast-disable-related-posts":"","theme-transparent-header-meta":"default","adv-header-id-meta":"","stick-header-meta":"","header-above-stick-meta":"","header-main-stick-meta":"","header-below-stick-meta":"","astra-migrate-meta-layouts":"default","ast-page-background-enabled":"default","ast-page-background-meta":{"desktop":{"background-color":"","background-image":"","background-repeat":"repeat","background-position":"center center","background-size":"auto","background-attachment":"scroll","background-type":"","background-media":"","overlay-type":"","overlay-color":"","overlay-opacity":"","overlay-gradient":""},"tablet":{"background-color":"","background-image":"","background-repeat":"repeat","background-position":"center center","background-size":"auto","background-attachment":"scroll","background-type":"","background-media":"","overlay-type":"","overlay-color":"","overlay-opacity":"","overlay-gradient":""},"mobile":{"background-color":"","background-image":"","background-repeat":"repeat","background-position":"center center","background-size":"auto","background-attachment":"scroll","background-type":"","background-media":"","overlay-type":"","overlay-color":"","overlay-opacity":"","overlay-gradient":""}},"ast-content-background-meta":{"desktop":{"background-color":"var(--ast-global-color-5)","background-image":"","background-repeat":"repeat","background-position":"center center","background-size":"auto","background-attachment":"scroll","background-type":"","background-media":"","overlay-type":"","overlay-color":"","overlay-opacity":"","overlay-gradient":""},"tablet":{"background-color":"var(--ast-global-color-5)","background-image":"","background-repeat":"repeat","background-position":"center center","background-size":"auto","background-attachment":"scroll","background-type":"","background-media":"","overlay-type":"","overlay-color":"","overlay-opacity":"","overlay-gradient":""},"mobile":{"background-color":"var(--ast-global-color-5)","background-image":"","background-repeat":"repeat","background-position":"center center","background-size":"auto","background-attachment":"scroll","background-type":"","background-media":"","overlay-type":"","overlay-color":"","overlay-opacity":"","overlay-gradient":""}},"footnotes":""},"class_list":["post-24","page","type-page","status-publish","hentry"],"yoast_head":"<!-- This site is optimized with the Yoast SEO plugin v27.4 - https:\/\/yoast.com\/product\/yoast-seo-wordpress\/ -->\n<title>Regisztr\u00e1l - Hostess<\/title>\n<meta name=\"robots\" content=\"index, follow, max-snippet:-1, max-image-preview:large, max-video-preview:-1\" \/>\n<link rel=\"canonical\" href=\"https:\/\/hosstes.hu\/regisztral\/\" \/>\n<meta property=\"og:locale\" content=\"en_US\" \/>\n<meta property=\"og:type\" content=\"article\" \/>\n<meta property=\"og:title\" content=\"Regisztr\u00e1l - Hostess\" \/>\n<meta property=\"og:description\" content=\"Regisztr\u00e1ci\u00f3\" \/>\n<meta property=\"og:url\" content=\"https:\/\/hosstes.hu\/regisztral\/\" \/>\n<meta property=\"og:site_name\" content=\"Hostess\" \/>\n<meta property=\"article:publisher\" content=\"https:\/\/www.facebook.com\/profile.php?id=100064919820699\" \/>\n<meta property=\"article:modified_time\" content=\"2023-12-13T16:33:39+00:00\" \/>\n<meta property=\"og:image\" content=\"https:\/\/hosstes.hu\/wp-content\/uploads\/2020\/08\/cropped-images-1-e1668016422983.png\" \/>\n\t<meta property=\"og:image:width\" content=\"64\" \/>\n\t<meta property=\"og:image:height\" content=\"64\" \/>\n\t<meta property=\"og:image:type\" content=\"image\/png\" \/>\n<meta name=\"twitter:card\" content=\"summary_large_image\" \/>\n<meta name=\"twitter:site\" content=\"@tarskozvetitohu\" \/>\n<script type=\"application\/ld+json\" class=\"yoast-schema-graph\">{\"@context\":\"https:\\\/\\\/schema.org\",\"@graph\":[{\"@type\":\"WebPage\",\"@id\":\"https:\\\/\\\/hosstes.hu\\\/regisztral\\\/\",\"url\":\"https:\\\/\\\/hosstes.hu\\\/regisztral\\\/\",\"name\":\"Regisztr\u00e1l - Hostess\",\"isPartOf\":{\"@id\":\"https:\\\/\\\/hosstes.hu\\\/#website\"},\"datePublished\":\"2020-04-26T18:01:20+00:00\",\"dateModified\":\"2023-12-13T16:33:39+00:00\",\"breadcrumb\":{\"@id\":\"https:\\\/\\\/hosstes.hu\\\/regisztral\\\/#breadcrumb\"},\"inLanguage\":\"en-US\",\"potentialAction\":[{\"@type\":\"ReadAction\",\"target\":[\"https:\\\/\\\/hosstes.hu\\\/regisztral\\\/\"]}]},{\"@type\":\"BreadcrumbList\",\"@id\":\"https:\\\/\\\/hosstes.hu\\\/regisztral\\\/#breadcrumb\",\"itemListElement\":[{\"@type\":\"ListItem\",\"position\":1,\"name\":\"Kezd\u0151lap\",\"item\":\"https:\\\/\\\/hosstes.hu\\\/en\\\/\"},{\"@type\":\"ListItem\",\"position\":2,\"name\":\"Regisztr\u00e1l\"}]},{\"@type\":\"WebSite\",\"@id\":\"https:\\\/\\\/hosstes.hu\\\/#website\",\"url\":\"https:\\\/\\\/hosstes.hu\\\/\",\"name\":\"Hostess\",\"description\":\"H\u00f6lgy\\\/\u00dark\u00eds\u00e9ret k\u00f6zvet\u00edt\u00e9s nyelveket besz\u00e9l\u0151 \u00far\\\/h\u00f6lgy elk\u00eds\u00e9ri \u00d6nt ak\u00e1r eg\u00e9sz Eur\u00f3p\u00e1ban \u00e9s a nagyvil\u00e1gban!\",\"publisher\":{\"@id\":\"https:\\\/\\\/hosstes.hu\\\/#organization\"},\"potentialAction\":[{\"@type\":\"SearchAction\",\"target\":{\"@type\":\"EntryPoint\",\"urlTemplate\":\"https:\\\/\\\/hosstes.hu\\\/?s={search_term_string}\"},\"query-input\":{\"@type\":\"PropertyValueSpecification\",\"valueRequired\":true,\"valueName\":\"search_term_string\"}}],\"inLanguage\":\"en-US\"},{\"@type\":\"Organization\",\"@id\":\"https:\\\/\\\/hosstes.hu\\\/#organization\",\"name\":\"Hostess\",\"url\":\"https:\\\/\\\/hosstes.hu\\\/\",\"logo\":{\"@type\":\"ImageObject\",\"inLanguage\":\"en-US\",\"@id\":\"https:\\\/\\\/hosstes.hu\\\/#\\\/schema\\\/logo\\\/image\\\/\",\"url\":\"https:\\\/\\\/hosstes.hu\\\/wp-content\\\/uploads\\\/2020\\\/08\\\/cropped-images-1-e1668016422983.png\",\"contentUrl\":\"https:\\\/\\\/hosstes.hu\\\/wp-content\\\/uploads\\\/2020\\\/08\\\/cropped-images-1-e1668016422983.png\",\"width\":64,\"height\":64,\"caption\":\"Hostess\"},\"image\":{\"@id\":\"https:\\\/\\\/hosstes.hu\\\/#\\\/schema\\\/logo\\\/image\\\/\"},\"sameAs\":[\"https:\\\/\\\/www.facebook.com\\\/profile.php?id=100064919820699\",\"https:\\\/\\\/x.com\\\/tarskozvetitohu\",\"https:\\\/\\\/www.pinterest.ca\\\/HolgykiseretUrkiseretHostess\\\/\",\"https:\\\/\\\/www.linkedin.com\\\/in\\\/hostess-hlgykisret-92b692191\\\/\",\"https:\\\/\\\/www.tiktok.com\\\/@holgykiseret\"]}]}<\/script>\n<!-- \/ Yoast SEO plugin. -->","yoast_head_json":{"title":"Regisztr\u00e1l - Hostess","robots":{"index":"index","follow":"follow","max-snippet":"max-snippet:-1","max-image-preview":"max-image-preview:large","max-video-preview":"max-video-preview:-1"},"canonical":"https:\/\/hosstes.hu\/regisztral\/","og_locale":"en_US","og_type":"article","og_title":"Regisztr\u00e1l - Hostess","og_description":"Regisztr\u00e1ci\u00f3","og_url":"https:\/\/hosstes.hu\/regisztral\/","og_site_name":"Hostess","article_publisher":"https:\/\/www.facebook.com\/profile.php?id=100064919820699","article_modified_time":"2023-12-13T16:33:39+00:00","og_image":[{"width":64,"height":64,"url":"https:\/\/hosstes.hu\/wp-content\/uploads\/2020\/08\/cropped-images-1-e1668016422983.png","type":"image\/png"}],"twitter_card":"summary_large_image","twitter_site":"@tarskozvetitohu","schema":{"@context":"https:\/\/schema.org","@graph":[{"@type":"WebPage","@id":"https:\/\/hosstes.hu\/regisztral\/","url":"https:\/\/hosstes.hu\/regisztral\/","name":"Regisztr\u00e1l - Hostess","isPartOf":{"@id":"https:\/\/hosstes.hu\/#website"},"datePublished":"2020-04-26T18:01:20+00:00","dateModified":"2023-12-13T16:33:39+00:00","breadcrumb":{"@id":"https:\/\/hosstes.hu\/regisztral\/#breadcrumb"},"inLanguage":"en-US","potentialAction":[{"@type":"ReadAction","target":["https:\/\/hosstes.hu\/regisztral\/"]}]},{"@type":"BreadcrumbList","@id":"https:\/\/hosstes.hu\/regisztral\/#breadcrumb","itemListElement":[{"@type":"ListItem","position":1,"name":"Kezd\u0151lap","item":"https:\/\/hosstes.hu\/en\/"},{"@type":"ListItem","position":2,"name":"Regisztr\u00e1l"}]},{"@type":"WebSite","@id":"https:\/\/hosstes.hu\/#website","url":"https:\/\/hosstes.hu\/","name":"Hostess","description":"H\u00f6lgy\/\u00dark\u00eds\u00e9ret k\u00f6zvet\u00edt\u00e9s nyelveket besz\u00e9l\u0151 \u00far\/h\u00f6lgy elk\u00eds\u00e9ri \u00d6nt ak\u00e1r eg\u00e9sz Eur\u00f3p\u00e1ban \u00e9s a nagyvil\u00e1gban!","publisher":{"@id":"https:\/\/hosstes.hu\/#organization"},"potentialAction":[{"@type":"SearchAction","target":{"@type":"EntryPoint","urlTemplate":"https:\/\/hosstes.hu\/?s={search_term_string}"},"query-input":{"@type":"PropertyValueSpecification","valueRequired":true,"valueName":"search_term_string"}}],"inLanguage":"en-US"},{"@type":"Organization","@id":"https:\/\/hosstes.hu\/#organization","name":"Hostess","url":"https:\/\/hosstes.hu\/","logo":{"@type":"ImageObject","inLanguage":"en-US","@id":"https:\/\/hosstes.hu\/#\/schema\/logo\/image\/","url":"https:\/\/hosstes.hu\/wp-content\/uploads\/2020\/08\/cropped-images-1-e1668016422983.png","contentUrl":"https:\/\/hosstes.hu\/wp-content\/uploads\/2020\/08\/cropped-images-1-e1668016422983.png","width":64,"height":64,"caption":"Hostess"},"image":{"@id":"https:\/\/hosstes.hu\/#\/schema\/logo\/image\/"},"sameAs":["https:\/\/www.facebook.com\/profile.php?id=100064919820699","https:\/\/x.com\/tarskozvetitohu","https:\/\/www.pinterest.ca\/HolgykiseretUrkiseretHostess\/","https:\/\/www.linkedin.com\/in\/hostess-hlgykisret-92b692191\/","https:\/\/www.tiktok.com\/@holgykiseret"]}]}},"_links":{"self":[{"href":"https:\/\/hosstes.hu\/en\/wp-json\/wp\/v2\/pages\/24","targetHints":{"allow":["GET"]}}],"collection":[{"href":"https:\/\/hosstes.hu\/en\/wp-json\/wp\/v2\/pages"}],"about":[{"href":"https:\/\/hosstes.hu\/en\/wp-json\/wp\/v2\/types\/page"}],"author":[{"embeddable":true,"href":"https:\/\/hosstes.hu\/en\/wp-json\/wp\/v2\/users\/1"}],"replies":[{"embeddable":true,"href":"https:\/\/hosstes.hu\/en\/wp-json\/wp\/v2\/comments?post=24"}],"version-history":[{"count":1,"href":"https:\/\/hosstes.hu\/en\/wp-json\/wp\/v2\/pages\/24\/revisions"}],"predecessor-version":[{"id":1886,"href":"https:\/\/hosstes.hu\/en\/wp-json\/wp\/v2\/pages\/24\/revisions\/1886"}],"wp:attachment":[{"href":"https:\/\/hosstes.hu\/en\/wp-json\/wp\/v2\/media?parent=24"}],"curies":[{"name":"wp","href":"https:\/\/api.w.org\/{rel}","templated":true}]}}